{"id":599,"date":"2018-10-25T12:25:35","date_gmt":"2018-10-25T09:25:35","guid":{"rendered":"https:\/\/villamenelaos.gr\/lage\/"},"modified":"2018-10-25T20:40:51","modified_gmt":"2018-10-25T17:40:51","slug":"lage","status":"publish","type":"page","link":"https:\/\/villamenelaos.gr\/de\/lage\/","title":{"rendered":"Lage"},"content":{"rendered":"<p>[et_pb_section bb_built=&#8220;1&#8243; _builder_version=&#8220;3.2.2&#8243; background_image=&#8220;https:\/\/villamenelaos.gr\/wp-content\/uploads\/2018\/05\/A36A2235-HDR2.jpg&#8220; custom_padding=&#8220;54px|0px|192px|0px|false|false&#8220; next_background_color=&#8220;#ffffff&#8220;][et_pb_row _builder_version=&#8220;3.2.2&#8243;][et_pb_column type=&#8220;4_4&#8243;][et_pb_divider show_divider=&#8220;off&#8220; height=&#8220;350px&#8220; _builder_version=&#8220;3.6&#8243;]<\/p>\n<p>&lt;em&gt;&lt;\/em&gt;<\/p>\n<p>[\/et_pb_divider][\/et_pb_column][\/et_pb_row][\/et_pb_section][et_pb_section bb_built=&#8220;1&#8243; _builder_version=&#8220;3.0.47&#8243; prev_background_color=&#8220;#000000&#8243;][et_pb_row _builder_version=&#8220;3.0.47&#8243; background_size=&#8220;initial&#8220; background_position=&#8220;top_left&#8220; background_repeat=&#8220;repeat&#8220;][et_pb_column type=&#8220;1_2&#8243;][et_pb_text _builder_version=&#8220;3.2.2&#8243;]<\/p>\n<h2>Mochlos<\/h2>\n<p>Ein traditionelles Dorf, 48 km \u00f6stlich von Agios Nikolaos und 35 km westlich von Sitia, gebaut gegen\u00fcber der Insel von Agios Nikolaus mit der Kapelle des Heiligen Nikolaus, von wo es seinen Namen erhielt, und das vom Dorf nur 150 m entfernt ist und eine wichtige arch\u00e4ologische St\u00e4tte ist.<\/p>\n<p>Auf der K\u00fcstenstra\u00dfe der Siedlung finden Sie Tavernen mit lokaler K\u00fcche, frischem Fisch und Caf\u00e9s, wo Sie Ihren Kaffee und einen Kuchen genie\u00dfen k\u00f6nnen.<br \/>\nIm Dorf finden Sie den kleinen Strand mit dem Name &#8222;Limenaria&#8220;, mit Sandstrand und felsigem Meeresboden.<\/p>\n<h2>Entfernungen der Villa Menelaos von Verkehrsknotenpunkten:<\/h2>\n<p>&gt; Siteia &#8211; Hafen und Flughafen: 33 km &#8211; 35 Minuten.<br \/>\n&gt; Ierapetra &#8211; Hafen (zur Insel Chrissi oder Gaidouronisi): 20 km &#8211; 18 Minuten.<br \/>\n&gt; Agios Nikolaos &#8211; Hafen: 35 km &#8211; 30 Minuten<br \/>\n&gt; Heraklion &#8211; Hafen und Flughafen: 98 km &#8211; 75 Minuten<br \/>\n&gt; Chania &#8211; Hafen und Flughafen: 200 km &#8211; 160 min.<\/p>\n<p>[\/et_pb_text][et_pb_button button_url=&#8220;https:\/\/www.booking.com\/hotel\/gr\/villa-menelaos.el.html&#8220; url_new_window=&#8220;on&#8220; button_text=&#8220;Sehen sie es auf Booking.com&#8220; button_alignment=&#8220;center&#8220; _builder_version=&#8220;3.6&#8243; custom_button=&#8220;on&#8220; button_text_size=&#8220;18px&#8220; button_text_color=&#8220;#ffffff&#8220; button_bg_color=&#8220;#bb4003&#8243; button_border_color=&#8220;#bb4003&#8243; button_border_radius=&#8220;0px&#8220; button_font=&#8220;|||on|||||&#8220; button_icon=&#8220;%%3%%&#8220; button_icon_color=&#8220;#ffffff&#8220; button_border_radius_hover=&#8220;0px&#8220; background_layout=&#8220;dark&#8220; custom_margin=&#8220;|||&#8220; custom_padding=&#8220;|||&#8220; global_module=&#8220;183&#8243; saved_tabs=&#8220;all&#8220; button_bg_parallax=&#8220;off&#8220; button_bg_parallax_method=&#8220;on&#8220; button_bg_allow_player_pause=&#8220;off&#8220; button_bg_video_pause_outside_viewport=&#8220;on&#8220; \/][\/et_pb_column][et_pb_column type=&#8220;1_2&#8243;][et_pb_gallery gallery_ids=&#8220;131,132,134,133&#8243; orientation=&#8220;portrait&#8220; show_title_and_caption=&#8220;off&#8220; zoom_icon_color=&#8220;rgba(0,0,0,0)&#8220; hover_overlay_color=&#8220;rgba(0,0,0,0)&#8220; hover_icon=&#8220;%%363%%&#8220; _builder_version=&#8220;3.6&#8243; box_shadow_style_image=&#8220;preset3&#8243;]<\/p>\n<p>&lt;em&gt;&lt;\/em&gt;<\/p>\n<p>[\/et_pb_gallery][\/et_pb_column][\/et_pb_row][et_pb_row _builder_version=&#8220;3.6&#8243;][et_pb_column type=&#8220;4_4&#8243;][et_pb_code _builder_version=&#8220;3.6&#8243;]&lt;iframe src=&#8220;https:\/\/www.google.com\/maps\/embed?pb=!1m18!1m12!1m3!1d1797.1841806979173!2d25.903778435511615!3d35.18479609793842!2m3!1f0!2f0!3f0!3m2!1i1024!2i768!4f13.1!3m3!1m2!1s0x14908febde3a66d7%3A0x970d8481fd16ba7!2sVilla+Menelaos!5e1!3m2!1sen!2sgr!4v1531150150140&#8243; width=&#8220;100%&#8220; height=&#8220;550&#8243; frameborder=&#8220;0&#8243; style=&#8220;border:0&#8243; allowfullscreen&gt;&lt;\/iframe&gt;[\/et_pb_code][\/et_pb_column][\/et_pb_row][\/et_pb_section]<\/p>\n","protected":false},"excerpt":{"rendered":"<p>&lt;em&gt;&lt;\/em&gt; Mochlos Ein traditionelles Dorf, 48 km \u00f6stlich von Agios Nikolaos und 35 km westlich von Sitia, gebaut gegen\u00fcber der Insel von Agios Nikolaus mit der Kapelle des Heiligen Nikolaus, von wo es seinen Namen erhielt, und das vom Dorf nur 150 m entfernt ist und eine wichtige arch\u00e4ologische St\u00e4tte ist. Auf der K\u00fcstenstra\u00dfe der [&hellip;]<\/p>\n","protected":false},"author":1,"featured_media":654,"parent":0,"menu_order":3,"comment_status":"closed","ping_status":"closed","template":"","meta":{"_et_pb_use_builder":"on","_et_pb_old_content":"","_et_gb_content_width":"","footnotes":""},"class_list":["post-599","page","type-page","status-publish","has-post-thumbnail","hentry"],"_links":{"self":[{"href":"https:\/\/villamenelaos.gr\/de\/wp-json\/wp\/v2\/pages\/599","targetHints":{"allow":["GET"]}}],"collection":[{"href":"https:\/\/villamenelaos.gr\/de\/wp-json\/wp\/v2\/pages"}],"about":[{"href":"https:\/\/villamenelaos.gr\/de\/wp-json\/wp\/v2\/types\/page"}],"author":[{"embeddable":true,"href":"https:\/\/villamenelaos.gr\/de\/wp-json\/wp\/v2\/users\/1"}],"replies":[{"embeddable":true,"href":"https:\/\/villamenelaos.gr\/de\/wp-json\/wp\/v2\/comments?post=599"}],"version-history":[{"count":2,"href":"https:\/\/villamenelaos.gr\/de\/wp-json\/wp\/v2\/pages\/599\/revisions"}],"predecessor-version":[{"id":655,"href":"https:\/\/villamenelaos.gr\/de\/wp-json\/wp\/v2\/pages\/599\/revisions\/655"}],"wp:featuredmedia":[{"embeddable":true,"href":"https:\/\/villamenelaos.gr\/de\/wp-json\/wp\/v2\/media\/654"}],"wp:attachment":[{"href":"https:\/\/villamenelaos.gr\/de\/wp-json\/wp\/v2\/media?parent=599"}],"curies":[{"name":"wp","href":"https:\/\/api.w.org\/{rel}","templated":true}]}}