{"id":601,"date":"2018-10-25T12:27:05","date_gmt":"2018-10-25T09:27:05","guid":{"rendered":"https:\/\/villamenelaos.gr\/ausstattung\/"},"modified":"2018-10-25T12:27:08","modified_gmt":"2018-10-25T09:27:08","slug":"ausstattung","status":"publish","type":"page","link":"https:\/\/villamenelaos.gr\/de\/ausstattung\/","title":{"rendered":"Ausstattung"},"content":{"rendered":"<p>[et_pb_section fb_built=&#8220;1&#8243; _builder_version=&#8220;3.2.2&#8243; background_image=&#8220;https:\/\/villamenelaos.gr\/wp-content\/uploads\/2018\/05\/A36A0169-Edit-1.jpg&#8220; custom_padding=&#8220;0|0px|54px|0px|false|false&#8220;][et_pb_row _builder_version=&#8220;3.2.2&#8243;][et_pb_column type=&#8220;4_4&#8243; _builder_version=&#8220;3.2.2&#8243; parallax=&#8220;off&#8220; parallax_method=&#8220;on&#8220;][et_pb_divider show_divider=&#8220;off&#8220; height=&#8220;400px&#8220; _builder_version=&#8220;3.2.2&#8243;][\/et_pb_divider][\/et_pb_column][\/et_pb_row][\/et_pb_section][et_pb_section fb_built=&#8220;1&#8243; _builder_version=&#8220;3.0.47&#8243;][et_pb_row _builder_version=&#8220;3.0.47&#8243; background_size=&#8220;initial&#8220; background_position=&#8220;top_left&#8220; background_repeat=&#8220;repeat&#8220;][et_pb_column type=&#8220;1_3&#8243; _builder_version=&#8220;3.2.2&#8243; parallax=&#8220;off&#8220; parallax_method=&#8220;on&#8220;][et_pb_text _builder_version=&#8220;3.2.2&#8243; text_font=&#8220;Open Sans||||||||&#8220; header_font=&#8220;Open Sans||||||||&#8220; header_2_font=&#8220;Open Sans||||||||&#8220; header_3_font=&#8220;Open Sans||||||||&#8220;]<\/p>\n<h2>Ausstattung der Villa<\/h2>\n<ul>\n<li>Individuell regulierbare Klimaanlage in jedem Zimmer<\/li>\n<li>Internet &#8211; WLAN<\/li>\n<li>Satellitenfernsehen \/ Smart TV<\/li>\n<li>Satellitenfernsehen in 2 Zimmern<\/li>\n<li>CD \/ DVD-Player<\/li>\n<li>Tragbares Audiosystem<\/li>\n<li>Geschirrsp\u00fclmaschine<\/li>\n<li>Grill im Essbereich im Freien<\/li>\n<li>Sonnenliegen<\/li>\n<li>Voll ausgestattete K\u00fcche<\/li>\n<li>K\u00fchlschrank<\/li>\n<li>K\u00fcche<\/li>\n<li>Mikrowelle<\/li>\n<li>Espressomaschine und Filterkaffeemaschine<\/li>\n<li>Toaster, Entsafter, Wasserkocher, Kochutensilien<\/li>\n<li>Babysitze<\/li>\n<li>Dampfb\u00fcgeleisen &amp; B\u00fcgelbrett<\/li>\n<li>Haartrockner<\/li>\n<li>Safes<\/li>\n<li>Zimmerreinigung (nach R\u00fccksprache)<\/li>\n<\/ul>\n<h2>Ausstattung rund um die Villa<\/h2>\n<ul>\n<li>Komfortable Parkpl\u00e4tze neben der Villa<\/li>\n<li>Minimarkt gegen\u00fcber dem Eingang der Villa<\/li>\n<li>Restaurants und traditionelle Tavernen in der N\u00e4he<\/li>\n<li>Str\u00e4nde<\/li>\n<\/ul>\n<p>[\/et_pb_text][\/et_pb_column][et_pb_column type=&#8220;2_3&#8243; _builder_version=&#8220;3.2.2&#8243; parallax=&#8220;off&#8220; parallax_method=&#8220;on&#8220;][et_pb_gallery gallery_ids=&#8220;125,120,122,115,116,119,117,118,124,123,121&#8243; orientation=&#8220;portrait&#8220; show_title_and_caption=&#8220;off&#8220; _builder_version=&#8220;3.2.2&#8243;][\/et_pb_gallery][\/et_pb_column][\/et_pb_row][\/et_pb_section]<\/p>\n","protected":false},"excerpt":{"rendered":"<p>Ausstattung der Villa Individuell regulierbare Klimaanlage in jedem Zimmer Internet &#8211; WLAN Satellitenfernsehen \/ Smart TV Satellitenfernsehen in 2 Zimmern CD \/ DVD-Player Tragbares Audiosystem Geschirrsp\u00fclmaschine Grill im Essbereich im Freien Sonnenliegen Voll ausgestattete K\u00fcche K\u00fchlschrank K\u00fcche Mikrowelle Espressomaschine und Filterkaffeemaschine Toaster, Entsafter, Wasserkocher, Kochutensilien Babysitze Dampfb\u00fcgeleisen &amp; B\u00fcgelbrett Haartrockner Safes Zimmerreinigung (nach R\u00fccksprache) Ausstattung [&hellip;]<\/p>\n","protected":false},"author":1,"featured_media":0,"parent":0,"menu_order":2,"comment_status":"closed","ping_status":"closed","template":"","meta":{"_et_pb_use_builder":"on","_et_pb_old_content":"","_et_gb_content_width":"","footnotes":""},"class_list":["post-601","page","type-page","status-publish","hentry"],"_links":{"self":[{"href":"https:\/\/villamenelaos.gr\/de\/wp-json\/wp\/v2\/pages\/601","targetHints":{"allow":["GET"]}}],"collection":[{"href":"https:\/\/villamenelaos.gr\/de\/wp-json\/wp\/v2\/pages"}],"about":[{"href":"https:\/\/villamenelaos.gr\/de\/wp-json\/wp\/v2\/types\/page"}],"author":[{"embeddable":true,"href":"https:\/\/villamenelaos.gr\/de\/wp-json\/wp\/v2\/users\/1"}],"replies":[{"embeddable":true,"href":"https:\/\/villamenelaos.gr\/de\/wp-json\/wp\/v2\/comments?post=601"}],"version-history":[{"count":1,"href":"https:\/\/villamenelaos.gr\/de\/wp-json\/wp\/v2\/pages\/601\/revisions"}],"predecessor-version":[{"id":602,"href":"https:\/\/villamenelaos.gr\/de\/wp-json\/wp\/v2\/pages\/601\/revisions\/602"}],"wp:attachment":[{"href":"https:\/\/villamenelaos.gr\/de\/wp-json\/wp\/v2\/media?parent=601"}],"curies":[{"name":"wp","href":"https:\/\/api.w.org\/{rel}","templated":true}]}}