{"id":603,"date":"2018-05-15T01:07:33","date_gmt":"2018-05-14T22:07:33","guid":{"rendered":"https:\/\/villamenelaos.gr\/unterkunft\/"},"modified":"2023-04-10T13:08:10","modified_gmt":"2023-04-10T10:08:10","slug":"unterkunft","status":"publish","type":"page","link":"https:\/\/villamenelaos.gr\/de\/unterkunft\/","title":{"rendered":"Unterkunft"},"content":{"rendered":"<p>[et_pb_section fb_built=&#8220;1&#8243; _builder_version=&#8220;4.16&#8243; background_image=&#8220;https:\/\/villamenelaos.gr\/wp-content\/uploads\/2018\/05\/A36A9979-Edit-1.jpg&#8220; global_colors_info=&#8220;{}&#8220;][et_pb_row _builder_version=&#8220;4.16&#8243; background_size=&#8220;initial&#8220; background_position=&#8220;top_left&#8220; background_repeat=&#8220;repeat&#8220; global_colors_info=&#8220;{}&#8220;][et_pb_column type=&#8220;4_4&#8243; _builder_version=&#8220;4.16&#8243; custom_padding=&#8220;|||&#8220; global_colors_info=&#8220;{}&#8220; custom_padding__hover=&#8220;|||&#8220;][et_pb_text _builder_version=&#8220;4.20.4&#8243; text_font=&#8220;||||||||&#8220; header_font=&#8220;Open Sans|700|||||||&#8220; header_text_align=&#8220;center&#8220; header_text_color=&#8220;#ffffff&#8220; header_font_size=&#8220;35px&#8220; custom_padding=&#8220;20%||20%|&#8220; hover_enabled=&#8220;0&#8243; header_text_shadow_style=&#8220;preset2&#8243; global_colors_info=&#8220;{}&#8220; text_font_size=&#8220;13px&#8220; sticky_enabled=&#8220;0&#8243;]<\/p>\n<h1>Unterkunft<\/h1>\n<p>[\/et_pb_text][\/et_pb_column][\/et_pb_row][\/et_pb_section][et_pb_section fb_built=&#8220;1&#8243; _builder_version=&#8220;4.16&#8243; global_colors_info=&#8220;{}&#8220;][et_pb_row _builder_version=&#8220;4.16&#8243; global_colors_info=&#8220;{}&#8220;][et_pb_column type=&#8220;4_4&#8243; _builder_version=&#8220;4.16&#8243; custom_padding=&#8220;|||&#8220; global_colors_info=&#8220;{}&#8220; custom_padding__hover=&#8220;|||&#8220;][et_pb_text _builder_version=&#8220;4.16&#8243; text_font=&#8220;||||||||&#8220; header_font=&#8220;Open Sans||||||||&#8220; header_text_align=&#8220;center&#8220; header_text_color=&#8220;#51658d&#8220; global_colors_info=&#8220;{}&#8220;]<\/p>\n<h1>Die Villa ist in drei Ebenen gebaut<\/h1>\n<p>[\/et_pb_text][\/et_pb_column][\/et_pb_row][et_pb_row use_custom_gutter=&#8220;on&#8220; gutter_width=&#8220;2&#8243; _builder_version=&#8220;4.16&#8243; max_width=&#8220;1200px&#8220; use_custom_width=&#8220;on&#8220; custom_width_px=&#8220;1200px&#8220; global_colors_info=&#8220;{}&#8220; column_structure=&#8220;1_4,3_4&#8243;][et_pb_column type=&#8220;1_4&#8243; _builder_version=&#8220;4.16&#8243; custom_padding=&#8220;|||&#8220; global_colors_info=&#8220;{}&#8220; custom_padding__hover=&#8220;|||&#8220;][et_pb_text _builder_version=&#8220;4.16&#8243; text_font=&#8220;Open Sans||||||||&#8220; text_text_color=&#8220;#51658d&#8220; header_font=&#8220;Open Sans||||||||&#8220; header_2_font=&#8220;Open Sans||||||||&#8220; header_2_text_color=&#8220;#51658d&#8220; header_3_font=&#8220;Open Sans||||||||&#8220; header_3_text_color=&#8220;#51658d&#8220; global_colors_info=&#8220;{}&#8220;]<\/p>\n<h2><strong>Erste Ebene:<\/strong><\/h2>\n<p>Diele mit Sitzbereich Hauptwohnzimmer mit Sat-TV (Smart TV), DVD-Player-Audiosystem Voll ausgestattete K\u00fcche mit K\u00fchlschrank, Herd, Mikrowelle, Geschirrsp\u00fcler, Espressomaschine, Filterkaffeemaschine, Toaster, Toaster, Entsafter, Wasserkocher, Kochutensilien, Babysitz. Schlafzimmer mit Doppelbett, En-suite-Bad, Kleiderschrank, Sat-TV, Safe, Dampfb\u00fcgeleisen &amp; B\u00fcgelbrett, F\u00f6n Gro\u00dfe Veranda mit Essbereich, Sitzecke, Grill, Sonnenliegen, Kinderbecken, Kinder-Picknicktisch<\/p>\n<p>[\/et_pb_text][\/et_pb_column][et_pb_column type=&#8220;3_4&#8243; _builder_version=&#8220;4.16&#8243; custom_padding=&#8220;|||&#8220; global_colors_info=&#8220;{}&#8220; custom_padding__hover=&#8220;|||&#8220;]<\/p>\n<p>[et_pb_gallery gallery_ids=&#8220;622,838,616,846,834,874,866,802,798,794&#8243; posts_number=&#8220;6&#8243; show_title_and_caption=&#8220;off&#8220; hover_icon=&#8220;T||divi||400&#8243; _builder_version=&#8220;4.16&#8243; custom_margin=&#8220;|||&#8220; custom_padding=&#8220;|||&#8220; global_colors_info=&#8220;{}&#8220;][\/et_pb_gallery]<\/p>\n<p>[\/et_pb_column][\/et_pb_row][et_pb_row use_custom_gutter=&#8220;on&#8220; gutter_width=&#8220;2&#8243; _builder_version=&#8220;4.16&#8243; max_width=&#8220;1200px&#8220; custom_padding=&#8220;27px|0px|0|0px|false|false&#8220; use_custom_width=&#8220;on&#8220; custom_width_px=&#8220;1200px&#8220; global_colors_info=&#8220;{}&#8220; column_structure=&#8220;1_4,3_4&#8243;][et_pb_column type=&#8220;1_4&#8243; _builder_version=&#8220;4.16&#8243; custom_padding=&#8220;|||&#8220; global_colors_info=&#8220;{}&#8220; custom_padding__hover=&#8220;|||&#8220;][et_pb_text _builder_version=&#8220;4.16&#8243; text_font=&#8220;Open Sans||||||||&#8220; text_text_color=&#8220;#51658d&#8220; header_font=&#8220;Open Sans||||||||&#8220; header_2_font=&#8220;Open Sans||||||||&#8220; header_2_text_color=&#8220;#51658d&#8220; header_3_font=&#8220;Open Sans||||||||&#8220; header_3_text_color=&#8220;#51658d&#8220; global_colors_info=&#8220;{}&#8220;]<\/p>\n<h2><strong>Zweite Ebene:<\/strong><\/h2>\n<p>Schlafzimmer mit Doppelbett, Kleiderschrank, Sat-TV, Safe, Dampfb\u00fcgeleisen &amp; B\u00fcgelbrett, Haartrockner und Meerblick Schlafzimmer mit Halbdoppelbett, Kleiderschrank und Meerblick Badezimmer mit Dusche<\/p>\n<p>[\/et_pb_text][\/et_pb_column][et_pb_column type=&#8220;3_4&#8243; _builder_version=&#8220;4.16&#8243; custom_padding=&#8220;|||&#8220; global_colors_info=&#8220;{}&#8220; custom_padding__hover=&#8220;|||&#8220;]<\/p>\n<p>[et_pb_gallery gallery_ids=&#8220;806,1157,1151,1145,882,886,878,810,814&#8243; posts_number=&#8220;6&#8243; show_title_and_caption=&#8220;off&#8220; _builder_version=&#8220;4.20.4&#8243; custom_margin=&#8220;|||&#8220; custom_padding=&#8220;|||&#8220; hover_enabled=&#8220;0&#8243; global_colors_info=&#8220;{}&#8220; sticky_enabled=&#8220;0&#8243;][\/et_pb_gallery]<\/p>\n<p>[\/et_pb_column][\/et_pb_row][et_pb_row use_custom_gutter=&#8220;on&#8220; gutter_width=&#8220;2&#8243; make_equal=&#8220;on&#8220; _builder_version=&#8220;4.16&#8243; max_width=&#8220;1200px&#8220; module_alignment=&#8220;center&#8220; use_custom_width=&#8220;on&#8220; custom_width_px=&#8220;1200px&#8220; global_colors_info=&#8220;{}&#8220; column_structure=&#8220;1_4,3_4&#8243;][et_pb_column type=&#8220;1_4&#8243; _builder_version=&#8220;4.16&#8243; custom_padding=&#8220;|||&#8220; global_colors_info=&#8220;{}&#8220; custom_padding__hover=&#8220;|||&#8220;][et_pb_text _builder_version=&#8220;4.16&#8243; text_font=&#8220;Open Sans||||||||&#8220; text_text_color=&#8220;#51658d&#8220; header_font=&#8220;Open Sans||||||||&#8220; header_2_font=&#8220;Open Sans||||||||&#8220; header_2_text_color=&#8220;#51658d&#8220; header_3_font=&#8220;Open Sans||||||||&#8220; header_3_text_color=&#8220;#51658d&#8220; global_colors_info=&#8220;{}&#8220;]<\/p>\n<h2><strong>Keller:<\/strong><\/h2>\n<p>Gro\u00dfes Badezimmer mit Dusche \u00a0<\/p>\n<p>[\/et_pb_text][\/et_pb_column][et_pb_column type=&#8220;3_4&#8243; _builder_version=&#8220;4.16&#8243; custom_padding=&#8220;|||&#8220; global_colors_info=&#8220;{}&#8220; custom_padding__hover=&#8220;|||&#8220;]<\/p>\n<p>[et_pb_gallery gallery_ids=&#8220;822,826,610&#8243; show_title_and_caption=&#8220;off&#8220; _builder_version=&#8220;4.16&#8243; custom_margin=&#8220;|||&#8220; custom_padding=&#8220;|||&#8220; global_colors_info=&#8220;{}&#8220;][\/et_pb_gallery]<\/p>\n<p>[\/et_pb_column][\/et_pb_row][\/et_pb_section]<\/p>\n","protected":false},"excerpt":{"rendered":"<p>UnterkunftDie Villa ist in drei Ebenen gebaut Erste Ebene: Diele mit Sitzbereich Hauptwohnzimmer mit Sat-TV (Smart TV), DVD-Player-Audiosystem Voll ausgestattete K\u00fcche mit K\u00fchlschrank, Herd, Mikrowelle, Geschirrsp\u00fcler, Espressomaschine, Filterkaffeemaschine, Toaster, Toaster, Entsafter, Wasserkocher, Kochutensilien, Babysitz. Schlafzimmer mit Doppelbett, En-suite-Bad, Kleiderschrank, Sat-TV, Safe, Dampfb\u00fcgeleisen &amp; B\u00fcgelbrett, F\u00f6n Gro\u00dfe Veranda mit Essbereich, Sitzecke, Grill, Sonnenliegen, Kinderbecken, Kinder-Picknicktisch Zweite [&hellip;]<\/p>\n","protected":false},"author":1,"featured_media":604,"parent":0,"menu_order":1,"comment_status":"closed","ping_status":"closed","template":"","meta":{"_et_pb_use_builder":"on","_et_pb_old_content":"","_et_gb_content_width":"","footnotes":""},"class_list":["post-603","page","type-page","status-publish","has-post-thumbnail","hentry"],"_links":{"self":[{"href":"https:\/\/villamenelaos.gr\/de\/wp-json\/wp\/v2\/pages\/603","targetHints":{"allow":["GET"]}}],"collection":[{"href":"https:\/\/villamenelaos.gr\/de\/wp-json\/wp\/v2\/pages"}],"about":[{"href":"https:\/\/villamenelaos.gr\/de\/wp-json\/wp\/v2\/types\/page"}],"author":[{"embeddable":true,"href":"https:\/\/villamenelaos.gr\/de\/wp-json\/wp\/v2\/users\/1"}],"replies":[{"embeddable":true,"href":"https:\/\/villamenelaos.gr\/de\/wp-json\/wp\/v2\/comments?post=603"}],"version-history":[{"count":4,"href":"https:\/\/villamenelaos.gr\/de\/wp-json\/wp\/v2\/pages\/603\/revisions"}],"predecessor-version":[{"id":1219,"href":"https:\/\/villamenelaos.gr\/de\/wp-json\/wp\/v2\/pages\/603\/revisions\/1219"}],"wp:featuredmedia":[{"embeddable":true,"href":"https:\/\/villamenelaos.gr\/de\/wp-json\/wp\/v2\/media\/604"}],"wp:attachment":[{"href":"https:\/\/villamenelaos.gr\/de\/wp-json\/wp\/v2\/media?parent=603"}],"curies":[{"name":"wp","href":"https:\/\/api.w.org\/{rel}","templated":true}]}}