{"id":565,"date":"2018-10-25T11:13:10","date_gmt":"2018-10-25T08:13:10","guid":{"rendered":"https:\/\/villamenelaos.gr\/emplacement\/"},"modified":"2018-10-25T20:42:06","modified_gmt":"2018-10-25T17:42:06","slug":"emplacement","status":"publish","type":"page","link":"https:\/\/villamenelaos.gr\/fr\/emplacement\/","title":{"rendered":"Emplacement"},"content":{"rendered":"<p>[et_pb_section bb_built=\u00a0\u00bb1&Prime; _builder_version=\u00a0\u00bb3.2.2&Prime; background_image=\u00a0\u00bbhttps:\/\/villamenelaos.gr\/wp-content\/uploads\/2018\/05\/A36A2235-HDR2.jpg\u00a0\u00bb custom_padding=\u00a0\u00bb54px|0px|192px|0px|false|false\u00a0\u00bb next_background_color=\u00a0\u00bb#ffffff\u00a0\u00bb][et_pb_row _builder_version=\u00a0\u00bb3.2.2&Prime;][et_pb_column type=\u00a0\u00bb4_4&Prime;][et_pb_divider show_divider=\u00a0\u00bboff\u00a0\u00bb height=\u00a0\u00bb350px\u00a0\u00bb _builder_version=\u00a0\u00bb3.6&Prime;]<\/p>\n<p>&lt;em&gt;&lt;\/em&gt;<\/p>\n<p>[\/et_pb_divider][\/et_pb_column][\/et_pb_row][\/et_pb_section][et_pb_section bb_built=\u00a0\u00bb1&Prime; _builder_version=\u00a0\u00bb3.0.47&Prime; prev_background_color=\u00a0\u00bb#000000&Prime;][et_pb_row _builder_version=\u00a0\u00bb3.0.47&Prime; background_size=\u00a0\u00bbinitial\u00a0\u00bb background_position=\u00a0\u00bbtop_left\u00a0\u00bb background_repeat=\u00a0\u00bbrepeat\u00a0\u00bb][et_pb_column type=\u00a0\u00bb1_2&Prime;][et_pb_text _builder_version=\u00a0\u00bb3.2.2&Prime;]<\/p>\n<h1>Mochlos<\/h1>\n<p>Village traditionnel, \u00e0 48 km \u00e0 l&rsquo;est d&rsquo;Agios Nikolaos et 35 km \u00e0 l&rsquo;ouest de Sitia, \u00e9rig\u00e9 en face de l&rsquo;\u00eele d&rsquo;Agios Nikolaos et sa chapelle dont elle tire son nom, \u00e0 150 m\u00e8tres du village ainsi que du site arch\u00e9ologique.<\/p>\n<p>Sur la route c\u00f4ti\u00e8re du village, vous d\u00e9couvrirez plusieurs tavernes proposant une cuisine locale, du poisson frais ainsi que des caf\u00e9t\u00e9rias, o\u00f9 vous pourrez profiter d&rsquo;un caf\u00e9 ou d&rsquo;un dessert.<\/p>\n<p>Le village dispose d&rsquo;une petite plage de sable appel\u00e9e \u00ab Limenaria \u00bb avec des fonds marins rocheux.<\/p>\n<h3>Distances entre la villa Menelaos et les centres de transport :<\/h3>\n<p>&gt; <strong>Sitia<\/strong> &#8211; Port et a\u00e9roport : 33 km &#8211; 35 minutes.<\/p>\n<p>&gt; <strong>Ier\u00e1petra<\/strong> &#8211; Port (\u00e0 destination de l&rsquo;\u00eele Chrissi, \u00e9galement connue sous l&rsquo;appellation Gaidouronisi) : 20 km &#8211; 18 minutes.<\/p>\n<p>&gt; <strong>Agios Nikolaos<\/strong> &#8211; Port : 35 km &#8211; 30 minutes<\/p>\n<p>&gt; <strong>H\u00e9raklion<\/strong> &#8211; Port et a\u00e9roport : 98 km &#8211; 75 minutes<\/p>\n<p>&gt; <strong>Chania<\/strong> &#8211; Port et a\u00e9roport : 200 km &#8211; 160 minutes.<\/p>\n<p>[\/et_pb_text][et_pb_button button_url=\u00a0\u00bbhttps:\/\/www.booking.com\/hotel\/gr\/villa-menelaos.el.html\u00a0\u00bb url_new_window=\u00a0\u00bbon\u00a0\u00bb button_text=\u00a0\u00bbAFFICHER NOTRE PAGE SUR BOOKING.COM\u00a0\u00bb button_alignment=\u00a0\u00bbcenter\u00a0\u00bb _builder_version=\u00a0\u00bb3.6&Prime; custom_button=\u00a0\u00bbon\u00a0\u00bb button_text_size=\u00a0\u00bb18px\u00a0\u00bb button_text_color=\u00a0\u00bb#ffffff\u00a0\u00bb button_bg_color=\u00a0\u00bb#bb4003&Prime; button_border_color=\u00a0\u00bb#bb4003&Prime; button_border_radius=\u00a0\u00bb0px\u00a0\u00bb button_font=\u00a0\u00bb|||on|||||\u00a0\u00bb button_icon=\u00a0\u00bb%%3%%\u00a0\u00bb button_icon_color=\u00a0\u00bb#ffffff\u00a0\u00bb button_border_radius_hover=\u00a0\u00bb0px\u00a0\u00bb background_layout=\u00a0\u00bbdark\u00a0\u00bb custom_margin=\u00a0\u00bb|||\u00a0\u00bb custom_padding=\u00a0\u00bb|||\u00a0\u00bb global_module=\u00a0\u00bb183&Prime; saved_tabs=\u00a0\u00bball\u00a0\u00bb button_bg_parallax=\u00a0\u00bboff\u00a0\u00bb button_bg_parallax_method=\u00a0\u00bbon\u00a0\u00bb button_bg_allow_player_pause=\u00a0\u00bboff\u00a0\u00bb button_bg_video_pause_outside_viewport=\u00a0\u00bbon\u00a0\u00bb \/][\/et_pb_column][et_pb_column type=\u00a0\u00bb1_2&Prime;][et_pb_gallery gallery_ids=\u00a0\u00bb131,132,134,133&Prime; orientation=\u00a0\u00bbportrait\u00a0\u00bb show_title_and_caption=\u00a0\u00bboff\u00a0\u00bb zoom_icon_color=\u00a0\u00bbrgba(0,0,0,0)\u00a0\u00bb hover_overlay_color=\u00a0\u00bbrgba(0,0,0,0)\u00a0\u00bb hover_icon=\u00a0\u00bb%%363%%\u00a0\u00bb _builder_version=\u00a0\u00bb3.6&Prime; box_shadow_style_image=\u00a0\u00bbpreset3&Prime;]<\/p>\n<p>&lt;em&gt;&lt;\/em&gt;<\/p>\n<p>[\/et_pb_gallery][\/et_pb_column][\/et_pb_row][et_pb_row _builder_version=\u00a0\u00bb3.6&Prime;][et_pb_column type=\u00a0\u00bb4_4&Prime;][et_pb_code _builder_version=\u00a0\u00bb3.6&Prime;]&lt;iframe src=\u00a0\u00bbhttps:\/\/www.google.com\/maps\/embed?pb=!1m18!1m12!1m3!1d1797.1841806979173!2d25.903778435511615!3d35.18479609793842!2m3!1f0!2f0!3f0!3m2!1i1024!2i768!4f13.1!3m3!1m2!1s0x14908febde3a66d7%3A0x970d8481fd16ba7!2sVilla+Menelaos!5e1!3m2!1sen!2sgr!4v1531150150140&Prime; width=\u00a0\u00bb100%\u00a0\u00bb height=\u00a0\u00bb550&Prime; frameborder=\u00a0\u00bb0&Prime; style=\u00a0\u00bbborder:0&Prime; allowfullscreen&gt;&lt;\/iframe&gt;[\/et_pb_code][\/et_pb_column][\/et_pb_row][\/et_pb_section]<\/p>\n","protected":false},"excerpt":{"rendered":"<p>&lt;em&gt;&lt;\/em&gt; Mochlos Village traditionnel, \u00e0 48 km \u00e0 l&rsquo;est d&rsquo;Agios Nikolaos et 35 km \u00e0 l&rsquo;ouest de Sitia, \u00e9rig\u00e9 en face de l&rsquo;\u00eele d&rsquo;Agios Nikolaos et sa chapelle dont elle tire son nom, \u00e0 150 m\u00e8tres du village ainsi que du site arch\u00e9ologique. Sur la route c\u00f4ti\u00e8re du village, vous d\u00e9couvrirez plusieurs tavernes proposant une [&hellip;]<\/p>\n","protected":false},"author":1,"featured_media":653,"parent":0,"menu_order":3,"comment_status":"closed","ping_status":"closed","template":"","meta":{"_et_pb_use_builder":"on","_et_pb_old_content":"","_et_gb_content_width":"","footnotes":""},"class_list":["post-565","page","type-page","status-publish","has-post-thumbnail","hentry"],"_links":{"self":[{"href":"https:\/\/villamenelaos.gr\/fr\/wp-json\/wp\/v2\/pages\/565","targetHints":{"allow":["GET"]}}],"collection":[{"href":"https:\/\/villamenelaos.gr\/fr\/wp-json\/wp\/v2\/pages"}],"about":[{"href":"https:\/\/villamenelaos.gr\/fr\/wp-json\/wp\/v2\/types\/page"}],"author":[{"embeddable":true,"href":"https:\/\/villamenelaos.gr\/fr\/wp-json\/wp\/v2\/users\/1"}],"replies":[{"embeddable":true,"href":"https:\/\/villamenelaos.gr\/fr\/wp-json\/wp\/v2\/comments?post=565"}],"version-history":[{"count":2,"href":"https:\/\/villamenelaos.gr\/fr\/wp-json\/wp\/v2\/pages\/565\/revisions"}],"predecessor-version":[{"id":656,"href":"https:\/\/villamenelaos.gr\/fr\/wp-json\/wp\/v2\/pages\/565\/revisions\/656"}],"wp:featuredmedia":[{"embeddable":true,"href":"https:\/\/villamenelaos.gr\/fr\/wp-json\/wp\/v2\/media\/653"}],"wp:attachment":[{"href":"https:\/\/villamenelaos.gr\/fr\/wp-json\/wp\/v2\/media?parent=565"}],"curies":[{"name":"wp","href":"https:\/\/api.w.org\/{rel}","templated":true}]}}