{"id":567,"date":"2018-10-25T11:17:07","date_gmt":"2018-10-25T08:17:07","guid":{"rendered":"https:\/\/villamenelaos.gr\/equipements\/"},"modified":"2018-10-25T11:17:11","modified_gmt":"2018-10-25T08:17:11","slug":"equipements","status":"publish","type":"page","link":"https:\/\/villamenelaos.gr\/fr\/equipements\/","title":{"rendered":"\u00c9quipements"},"content":{"rendered":"<p>[et_pb_section fb_built=\u00a0\u00bb1&Prime; _builder_version=\u00a0\u00bb3.2.2&Prime; background_image=\u00a0\u00bbhttps:\/\/villamenelaos.gr\/wp-content\/uploads\/2018\/05\/A36A0169-Edit-1.jpg\u00a0\u00bb custom_padding=\u00a0\u00bb0|0px|54px|0px|false|false\u00a0\u00bb][et_pb_row _builder_version=\u00a0\u00bb3.2.2&Prime;][et_pb_column type=\u00a0\u00bb4_4&Prime; _builder_version=\u00a0\u00bb3.2.2&Prime; parallax=\u00a0\u00bboff\u00a0\u00bb parallax_method=\u00a0\u00bbon\u00a0\u00bb][et_pb_divider show_divider=\u00a0\u00bboff\u00a0\u00bb height=\u00a0\u00bb400px\u00a0\u00bb _builder_version=\u00a0\u00bb3.2.2&Prime;][\/et_pb_divider][\/et_pb_column][\/et_pb_row][\/et_pb_section][et_pb_section fb_built=\u00a0\u00bb1&Prime; _builder_version=\u00a0\u00bb3.0.47&Prime;][et_pb_row _builder_version=\u00a0\u00bb3.0.47&Prime; background_size=\u00a0\u00bbinitial\u00a0\u00bb background_position=\u00a0\u00bbtop_left\u00a0\u00bb background_repeat=\u00a0\u00bbrepeat\u00a0\u00bb][et_pb_column type=\u00a0\u00bb1_3&Prime; _builder_version=\u00a0\u00bb3.2.2&Prime; parallax=\u00a0\u00bboff\u00a0\u00bb parallax_method=\u00a0\u00bbon\u00a0\u00bb][et_pb_text _builder_version=\u00a0\u00bb3.2.2&Prime; text_font=\u00a0\u00bbOpen Sans||||||||\u00a0\u00bb header_font=\u00a0\u00bbOpen Sans||||||||\u00a0\u00bb header_2_font=\u00a0\u00bbOpen Sans||||||||\u00a0\u00bb header_3_font=\u00a0\u00bbOpen Sans||||||||\u00a0\u00bb]<\/p>\n<h2>Prestations :<\/h2>\n<ul>\n<li>Climatisation ind\u00e9pendante dans chaque chambre<\/li>\n<li>internet &#8211; wifi<\/li>\n<li>T\u00e9l\u00e9vision par satellite dans 2 chambres<\/li>\n<li>Lecteur CD\/DVD<\/li>\n<li>Syst\u00e8me audio portable<\/li>\n<li>Lave-vaisselle<\/li>\n<li>Barbecue en plein air<\/li>\n<li>Transats<\/li>\n<li>Cuisine enti\u00e8rement \u00e9quip\u00e9e<\/li>\n<li>R\u00e9frig\u00e9rateur<\/li>\n<li>Cuisine<\/li>\n<li>Four \u00e0 micro-ondes,<\/li>\n<li>Machine \u00e0 expresso et cafeti\u00e8re \u00e0 filtre<\/li>\n<li>Grille-pain, presse-agrumes, bouilloire, ustensiles de cuisine<\/li>\n<li>Lits b\u00e9b\u00e9<\/li>\n<li>Fer \u00e0 repasser et planche \u00e0 repasser<\/li>\n<li>S\u00e8che-cheveux<\/li>\n<li>Coffre-fort<\/li>\n<li>Service de chambre (sur demande)<\/li>\n<\/ul>\n<h2>Attractions et lieux d&rsquo;int\u00e9r\u00eat \u00e0 proximit\u00e9 de la villa<\/h2>\n<ul>\n<li>Parking confortable \u00e0 c\u00f4t\u00e9 de la villa<\/li>\n<li>Sup\u00e9rette en face de l\u2019entr\u00e9e de la villa<\/li>\n<li>Restaurants et tavernes traditionnelles \u00e0 proximit\u00e9<\/li>\n<li>Plages<\/li>\n<\/ul>\n<p>[\/et_pb_text][\/et_pb_column][et_pb_column type=\u00a0\u00bb2_3&Prime; _builder_version=\u00a0\u00bb3.2.2&Prime; parallax=\u00a0\u00bboff\u00a0\u00bb parallax_method=\u00a0\u00bbon\u00a0\u00bb][et_pb_gallery gallery_ids=\u00a0\u00bb125,120,122,115,116,119,117,118,124,123,121&Prime; orientation=\u00a0\u00bbportrait\u00a0\u00bb show_title_and_caption=\u00a0\u00bboff\u00a0\u00bb _builder_version=\u00a0\u00bb3.2.2&Prime;][\/et_pb_gallery][\/et_pb_column][\/et_pb_row][\/et_pb_section]<\/p>\n","protected":false},"excerpt":{"rendered":"<p>Prestations : Climatisation ind\u00e9pendante dans chaque chambre internet &#8211; wifi T\u00e9l\u00e9vision par satellite dans 2 chambres Lecteur CD\/DVD Syst\u00e8me audio portable Lave-vaisselle Barbecue en plein air Transats Cuisine enti\u00e8rement \u00e9quip\u00e9e R\u00e9frig\u00e9rateur Cuisine Four \u00e0 micro-ondes, Machine \u00e0 expresso et cafeti\u00e8re \u00e0 filtre Grille-pain, presse-agrumes, bouilloire, ustensiles de cuisine Lits b\u00e9b\u00e9 Fer \u00e0 repasser et planche [&hellip;]<\/p>\n","protected":false},"author":1,"featured_media":0,"parent":0,"menu_order":2,"comment_status":"closed","ping_status":"closed","template":"","meta":{"_et_pb_use_builder":"on","_et_pb_old_content":"","_et_gb_content_width":"","footnotes":""},"class_list":["post-567","page","type-page","status-publish","hentry"],"_links":{"self":[{"href":"https:\/\/villamenelaos.gr\/fr\/wp-json\/wp\/v2\/pages\/567","targetHints":{"allow":["GET"]}}],"collection":[{"href":"https:\/\/villamenelaos.gr\/fr\/wp-json\/wp\/v2\/pages"}],"about":[{"href":"https:\/\/villamenelaos.gr\/fr\/wp-json\/wp\/v2\/types\/page"}],"author":[{"embeddable":true,"href":"https:\/\/villamenelaos.gr\/fr\/wp-json\/wp\/v2\/users\/1"}],"replies":[{"embeddable":true,"href":"https:\/\/villamenelaos.gr\/fr\/wp-json\/wp\/v2\/comments?post=567"}],"version-history":[{"count":1,"href":"https:\/\/villamenelaos.gr\/fr\/wp-json\/wp\/v2\/pages\/567\/revisions"}],"predecessor-version":[{"id":568,"href":"https:\/\/villamenelaos.gr\/fr\/wp-json\/wp\/v2\/pages\/567\/revisions\/568"}],"wp:attachment":[{"href":"https:\/\/villamenelaos.gr\/fr\/wp-json\/wp\/v2\/media?parent=567"}],"curies":[{"name":"wp","href":"https:\/\/api.w.org\/{rel}","templated":true}]}}